{"id":184,"date":"2023-10-01T17:05:27","date_gmt":"2023-10-01T15:05:27","guid":{"rendered":"http:\/\/laboartstextiles.org\/?page_id=184"},"modified":"2023-10-01T17:33:05","modified_gmt":"2023-10-01T15:33:05","slug":"un-tapis-feutre-pour-cadet-roussel-faux-la-montagne","status":"publish","type":"page","link":"https:\/\/laboartstextiles.org\/index.php\/un-tapis-feutre-pour-cadet-roussel-faux-la-montagne\/","title":{"rendered":"Un tapis feutr\u00e9 pour Cadet Roussel (Faux-La-Montagne)"},"content":{"rendered":"\n<p>Dans le cadre d&rsquo;un projet au long-court sur la revalorisation de la laine Limousine, Clara Salomon et Anna Gianferrari ont propos\u00e9 un atelier tout public sur la technique de la laine feutr\u00e9e et de la teinture v\u00e9g\u00e9tale avec l&rsquo;association Cadet Roussel.<\/p>\n\n\n\n<p>\u00c0 partir de laine blanche du groupement d&rsquo;\u00e9leveuse des&nbsp;\u00ab&nbsp;Berg\u00e8res s\u2019emm\u00ealent&nbsp;\u00bb nous avons r\u00e9alis\u00e9 une gamme de couleurs du brun au rouge \u00e0 partir de feuille de noyer, de fleurs de verge d&rsquo;or et d\u2019extrait de garance.<\/p>\n\n\n\n<p>L&rsquo;objectif \u00e9tait de r\u00e9aliser \u00e0 plusieurs mains (et pieds&#8230;!) un tapis pour l&rsquo;espace de ludoth\u00e8que de Cadet Roussel.  Nous avons choisi de r\u00e9aliser les motifs sous le th\u00e8me du jeu et en reprenant des principes de composition de tapis traditionnels.<\/p>\n\n\n\n<p>Le samedi, nous avons \u00e9labor\u00e9 collectivement le dessin du grand tapis pendant que les bains de teinture chauffaient. En parall\u00e8le, nous avons accompagn\u00e9 plusieurs participant.es dans la r\u00e9alisation de petites \u0153uvres en feutre pour leur faire d\u00e9couvrir la technique. Le dimanche nous avons compos\u00e9 le tapis, avec la technique du pr\u00e9-feutre, puis nous l\u2019avons foul\u00e9 aux pieds de bon c\u0153ur et en chantant. Nous l&rsquo;avons ensuite rinc\u00e9 dans le lavoir du village.<\/p>\n\n\n\n<p>Cet atelier a accueilli environ 25 personnes sur les deux jours, de 2 \u00e0 70 ans&nbsp;!<\/p>\n\n\n\n<figure class=\"wp-block-image size-large\"><img loading=\"lazy\" decoding=\"async\" width=\"1024\" height=\"683\" src=\"http:\/\/laboartstextiles.org\/wp-content\/uploads\/2023\/10\/DSC09636-4-1024x683.jpg\" alt=\"\" class=\"wp-image-284\" srcset=\"https:\/\/laboartstextiles.org\/wp-content\/uploads\/2023\/10\/DSC09636-4-1024x683.jpg 1024w, https:\/\/laboartstextiles.org\/wp-content\/uploads\/2023\/10\/DSC09636-4-300x200.jpg 300w, https:\/\/laboartstextiles.org\/wp-content\/uploads\/2023\/10\/DSC09636-4-768x512.jpg 768w, https:\/\/laboartstextiles.org\/wp-content\/uploads\/2023\/10\/DSC09636-4-1536x1024.jpg 1536w, https:\/\/laboartstextiles.org\/wp-content\/uploads\/2023\/10\/DSC09636-4-2048x1365.jpg 2048w, https:\/\/laboartstextiles.org\/wp-content\/uploads\/2023\/10\/DSC09636-4-1568x1045.jpg 1568w, https:\/\/laboartstextiles.org\/wp-content\/uploads\/2023\/10\/DSC09636-4-1320x880.jpg 1320w\" sizes=\"auto, (max-width: 1024px) 100vw, 1024px\" \/><\/figure>\n\n\n\n<figure class=\"wp-block-gallery has-nested-images columns-default is-cropped wp-block-gallery-1 is-layout-flex wp-block-gallery-is-layout-flex\">\n<figure class=\"wp-block-image size-large\"><img loading=\"lazy\" decoding=\"async\" width=\"1024\" height=\"683\" data-id=\"254\" src=\"http:\/\/laboartstextiles.org\/wp-content\/uploads\/2023\/10\/DSC09631-1-1024x683.jpg\" alt=\"\" class=\"wp-image-254\" srcset=\"https:\/\/laboartstextiles.org\/wp-content\/uploads\/2023\/10\/DSC09631-1-1024x683.jpg 1024w, https:\/\/laboartstextiles.org\/wp-content\/uploads\/2023\/10\/DSC09631-1-300x200.jpg 300w, https:\/\/laboartstextiles.org\/wp-content\/uploads\/2023\/10\/DSC09631-1-768x512.jpg 768w, https:\/\/laboartstextiles.org\/wp-content\/uploads\/2023\/10\/DSC09631-1-1536x1024.jpg 1536w, https:\/\/laboartstextiles.org\/wp-content\/uploads\/2023\/10\/DSC09631-1-2048x1365.jpg 2048w, https:\/\/laboartstextiles.org\/wp-content\/uploads\/2023\/10\/DSC09631-1-1568x1045.jpg 1568w, https:\/\/laboartstextiles.org\/wp-content\/uploads\/2023\/10\/DSC09631-1-1320x880.jpg 1320w\" sizes=\"auto, (max-width: 1024px) 100vw, 1024px\" \/><\/figure>\n\n\n\n<figure class=\"wp-block-image size-large\"><img loading=\"lazy\" decoding=\"async\" width=\"683\" height=\"1024\" data-id=\"252\" src=\"http:\/\/laboartstextiles.org\/wp-content\/uploads\/2023\/10\/DSC09717_modifie-683x1024.jpg\" alt=\"\" class=\"wp-image-252\" srcset=\"https:\/\/laboartstextiles.org\/wp-content\/uploads\/2023\/10\/DSC09717_modifie-683x1024.jpg 683w, https:\/\/laboartstextiles.org\/wp-content\/uploads\/2023\/10\/DSC09717_modifie-200x300.jpg 200w, https:\/\/laboartstextiles.org\/wp-content\/uploads\/2023\/10\/DSC09717_modifie-768x1152.jpg 768w, https:\/\/laboartstextiles.org\/wp-content\/uploads\/2023\/10\/DSC09717_modifie-1024x1536.jpg 1024w, https:\/\/laboartstextiles.org\/wp-content\/uploads\/2023\/10\/DSC09717_modifie-1365x2048.jpg 1365w, https:\/\/laboartstextiles.org\/wp-content\/uploads\/2023\/10\/DSC09717_modifie-1568x2352.jpg 1568w, https:\/\/laboartstextiles.org\/wp-content\/uploads\/2023\/10\/DSC09717_modifie-1320x1980.jpg 1320w, https:\/\/laboartstextiles.org\/wp-content\/uploads\/2023\/10\/DSC09717_modifie-scaled.jpg 1707w\" sizes=\"auto, (max-width: 683px) 100vw, 683px\" \/><\/figure>\n\n\n\n<figure class=\"wp-block-image size-large\"><img loading=\"lazy\" decoding=\"async\" width=\"1024\" height=\"683\" data-id=\"253\" src=\"http:\/\/laboartstextiles.org\/wp-content\/uploads\/2023\/10\/DSC09666_modifie-1024x683.jpg\" alt=\"\" class=\"wp-image-253\" srcset=\"https:\/\/laboartstextiles.org\/wp-content\/uploads\/2023\/10\/DSC09666_modifie-1024x683.jpg 1024w, https:\/\/laboartstextiles.org\/wp-content\/uploads\/2023\/10\/DSC09666_modifie-300x200.jpg 300w, https:\/\/laboartstextiles.org\/wp-content\/uploads\/2023\/10\/DSC09666_modifie-768x512.jpg 768w, https:\/\/laboartstextiles.org\/wp-content\/uploads\/2023\/10\/DSC09666_modifie-1536x1024.jpg 1536w, https:\/\/laboartstextiles.org\/wp-content\/uploads\/2023\/10\/DSC09666_modifie-2048x1365.jpg 2048w, https:\/\/laboartstextiles.org\/wp-content\/uploads\/2023\/10\/DSC09666_modifie-1568x1045.jpg 1568w, https:\/\/laboartstextiles.org\/wp-content\/uploads\/2023\/10\/DSC09666_modifie-1320x880.jpg 1320w\" sizes=\"auto, (max-width: 1024px) 100vw, 1024px\" \/><\/figure>\n\n\n\n<figure class=\"wp-block-image size-large\"><img loading=\"lazy\" decoding=\"async\" width=\"1024\" height=\"683\" data-id=\"258\" src=\"http:\/\/laboartstextiles.org\/wp-content\/uploads\/2023\/10\/DSC09699-1024x683.jpg\" alt=\"\" class=\"wp-image-258\" srcset=\"https:\/\/laboartstextiles.org\/wp-content\/uploads\/2023\/10\/DSC09699-1024x683.jpg 1024w, https:\/\/laboartstextiles.org\/wp-content\/uploads\/2023\/10\/DSC09699-300x200.jpg 300w, https:\/\/laboartstextiles.org\/wp-content\/uploads\/2023\/10\/DSC09699-768x512.jpg 768w, https:\/\/laboartstextiles.org\/wp-content\/uploads\/2023\/10\/DSC09699-1536x1024.jpg 1536w, https:\/\/laboartstextiles.org\/wp-content\/uploads\/2023\/10\/DSC09699-2048x1365.jpg 2048w, https:\/\/laboartstextiles.org\/wp-content\/uploads\/2023\/10\/DSC09699-1568x1045.jpg 1568w, https:\/\/laboartstextiles.org\/wp-content\/uploads\/2023\/10\/DSC09699-1320x880.jpg 1320w\" sizes=\"auto, (max-width: 1024px) 100vw, 1024px\" \/><\/figure>\n<\/figure>\n\n\n\n<figure class=\"wp-block-gallery has-nested-images columns-default is-cropped wp-block-gallery-2 is-layout-flex wp-block-gallery-is-layout-flex\">\n<figure class=\"wp-block-image size-large\"><img loading=\"lazy\" decoding=\"async\" width=\"1024\" height=\"683\" data-id=\"271\" src=\"http:\/\/laboartstextiles.org\/wp-content\/uploads\/2023\/10\/DSC09713-1024x683.jpg\" alt=\"\" class=\"wp-image-271\" srcset=\"https:\/\/laboartstextiles.org\/wp-content\/uploads\/2023\/10\/DSC09713-1024x683.jpg 1024w, https:\/\/laboartstextiles.org\/wp-content\/uploads\/2023\/10\/DSC09713-300x200.jpg 300w, https:\/\/laboartstextiles.org\/wp-content\/uploads\/2023\/10\/DSC09713-768x512.jpg 768w, https:\/\/laboartstextiles.org\/wp-content\/uploads\/2023\/10\/DSC09713-1536x1024.jpg 1536w, https:\/\/laboartstextiles.org\/wp-content\/uploads\/2023\/10\/DSC09713-2048x1365.jpg 2048w, https:\/\/laboartstextiles.org\/wp-content\/uploads\/2023\/10\/DSC09713-1568x1045.jpg 1568w, https:\/\/laboartstextiles.org\/wp-content\/uploads\/2023\/10\/DSC09713-1320x880.jpg 1320w\" sizes=\"auto, (max-width: 1024px) 100vw, 1024px\" \/><\/figure>\n\n\n\n<figure class=\"wp-block-image size-large\"><img loading=\"lazy\" decoding=\"async\" width=\"683\" height=\"1024\" data-id=\"276\" src=\"http:\/\/laboartstextiles.org\/wp-content\/uploads\/2023\/10\/DSC09710-1-683x1024.jpg\" alt=\"\" class=\"wp-image-276\" srcset=\"https:\/\/laboartstextiles.org\/wp-content\/uploads\/2023\/10\/DSC09710-1-683x1024.jpg 683w, https:\/\/laboartstextiles.org\/wp-content\/uploads\/2023\/10\/DSC09710-1-200x300.jpg 200w, https:\/\/laboartstextiles.org\/wp-content\/uploads\/2023\/10\/DSC09710-1-768x1152.jpg 768w, https:\/\/laboartstextiles.org\/wp-content\/uploads\/2023\/10\/DSC09710-1-1024x1536.jpg 1024w, https:\/\/laboartstextiles.org\/wp-content\/uploads\/2023\/10\/DSC09710-1-1365x2048.jpg 1365w, https:\/\/laboartstextiles.org\/wp-content\/uploads\/2023\/10\/DSC09710-1-1568x2352.jpg 1568w, https:\/\/laboartstextiles.org\/wp-content\/uploads\/2023\/10\/DSC09710-1-1320x1980.jpg 1320w, https:\/\/laboartstextiles.org\/wp-content\/uploads\/2023\/10\/DSC09710-1-scaled.jpg 1707w\" sizes=\"auto, (max-width: 683px) 100vw, 683px\" \/><\/figure>\n\n\n\n<figure class=\"wp-block-image size-large\"><img loading=\"lazy\" decoding=\"async\" width=\"1024\" height=\"683\" data-id=\"274\" src=\"http:\/\/laboartstextiles.org\/wp-content\/uploads\/2023\/10\/DSC09667_modifie-1-1024x683.jpg\" alt=\"\" class=\"wp-image-274\" srcset=\"https:\/\/laboartstextiles.org\/wp-content\/uploads\/2023\/10\/DSC09667_modifie-1-1024x683.jpg 1024w, https:\/\/laboartstextiles.org\/wp-content\/uploads\/2023\/10\/DSC09667_modifie-1-300x200.jpg 300w, https:\/\/laboartstextiles.org\/wp-content\/uploads\/2023\/10\/DSC09667_modifie-1-768x512.jpg 768w, https:\/\/laboartstextiles.org\/wp-content\/uploads\/2023\/10\/DSC09667_modifie-1-1536x1024.jpg 1536w, https:\/\/laboartstextiles.org\/wp-content\/uploads\/2023\/10\/DSC09667_modifie-1-2048x1365.jpg 2048w, https:\/\/laboartstextiles.org\/wp-content\/uploads\/2023\/10\/DSC09667_modifie-1-1568x1045.jpg 1568w, https:\/\/laboartstextiles.org\/wp-content\/uploads\/2023\/10\/DSC09667_modifie-1-1320x880.jpg 1320w\" sizes=\"auto, (max-width: 1024px) 100vw, 1024px\" \/><\/figure>\n\n\n\n<figure class=\"wp-block-image size-large\"><img loading=\"lazy\" decoding=\"async\" width=\"1024\" height=\"683\" data-id=\"281\" src=\"http:\/\/laboartstextiles.org\/wp-content\/uploads\/2023\/10\/DSC09682-2-1024x683.jpg\" alt=\"\" class=\"wp-image-281\" srcset=\"https:\/\/laboartstextiles.org\/wp-content\/uploads\/2023\/10\/DSC09682-2-1024x683.jpg 1024w, https:\/\/laboartstextiles.org\/wp-content\/uploads\/2023\/10\/DSC09682-2-300x200.jpg 300w, https:\/\/laboartstextiles.org\/wp-content\/uploads\/2023\/10\/DSC09682-2-768x512.jpg 768w, https:\/\/laboartstextiles.org\/wp-content\/uploads\/2023\/10\/DSC09682-2-1536x1024.jpg 1536w, https:\/\/laboartstextiles.org\/wp-content\/uploads\/2023\/10\/DSC09682-2-2048x1365.jpg 2048w, https:\/\/laboartstextiles.org\/wp-content\/uploads\/2023\/10\/DSC09682-2-1568x1045.jpg 1568w, https:\/\/laboartstextiles.org\/wp-content\/uploads\/2023\/10\/DSC09682-2-1320x880.jpg 1320w\" sizes=\"auto, (max-width: 1024px) 100vw, 1024px\" \/><\/figure>\n\n\n\n<figure class=\"wp-block-image size-large\"><img loading=\"lazy\" decoding=\"async\" width=\"683\" height=\"1024\" data-id=\"279\" src=\"http:\/\/laboartstextiles.org\/wp-content\/uploads\/2023\/10\/DSC09659-683x1024.jpg\" alt=\"\" class=\"wp-image-279\" srcset=\"https:\/\/laboartstextiles.org\/wp-content\/uploads\/2023\/10\/DSC09659-683x1024.jpg 683w, https:\/\/laboartstextiles.org\/wp-content\/uploads\/2023\/10\/DSC09659-200x300.jpg 200w, https:\/\/laboartstextiles.org\/wp-content\/uploads\/2023\/10\/DSC09659-768x1152.jpg 768w, https:\/\/laboartstextiles.org\/wp-content\/uploads\/2023\/10\/DSC09659-1024x1536.jpg 1024w, https:\/\/laboartstextiles.org\/wp-content\/uploads\/2023\/10\/DSC09659-1365x2048.jpg 1365w, https:\/\/laboartstextiles.org\/wp-content\/uploads\/2023\/10\/DSC09659-1568x2352.jpg 1568w, https:\/\/laboartstextiles.org\/wp-content\/uploads\/2023\/10\/DSC09659-1320x1980.jpg 1320w, https:\/\/laboartstextiles.org\/wp-content\/uploads\/2023\/10\/DSC09659-scaled.jpg 1707w\" sizes=\"auto, (max-width: 683px) 100vw, 683px\" \/><\/figure>\n\n\n\n<figure class=\"wp-block-image size-large\"><img loading=\"lazy\" decoding=\"async\" width=\"683\" height=\"1024\" data-id=\"280\" src=\"http:\/\/laboartstextiles.org\/wp-content\/uploads\/2023\/10\/DSC09652-1-683x1024.jpg\" alt=\"\" class=\"wp-image-280\" srcset=\"https:\/\/laboartstextiles.org\/wp-content\/uploads\/2023\/10\/DSC09652-1-683x1024.jpg 683w, https:\/\/laboartstextiles.org\/wp-content\/uploads\/2023\/10\/DSC09652-1-200x300.jpg 200w, https:\/\/laboartstextiles.org\/wp-content\/uploads\/2023\/10\/DSC09652-1-768x1152.jpg 768w, https:\/\/laboartstextiles.org\/wp-content\/uploads\/2023\/10\/DSC09652-1-1024x1536.jpg 1024w, https:\/\/laboartstextiles.org\/wp-content\/uploads\/2023\/10\/DSC09652-1-1365x2048.jpg 1365w, https:\/\/laboartstextiles.org\/wp-content\/uploads\/2023\/10\/DSC09652-1-1568x2352.jpg 1568w, https:\/\/laboartstextiles.org\/wp-content\/uploads\/2023\/10\/DSC09652-1-1320x1980.jpg 1320w, https:\/\/laboartstextiles.org\/wp-content\/uploads\/2023\/10\/DSC09652-1-scaled.jpg 1707w\" sizes=\"auto, (max-width: 683px) 100vw, 683px\" \/><\/figure>\n\n\n\n<figure class=\"wp-block-image size-large\"><img loading=\"lazy\" decoding=\"async\" width=\"768\" height=\"1024\" data-id=\"255\" src=\"http:\/\/laboartstextiles.org\/wp-content\/uploads\/2023\/10\/IMG_9043-768x1024.jpg\" alt=\"\" class=\"wp-image-255\" srcset=\"https:\/\/laboartstextiles.org\/wp-content\/uploads\/2023\/10\/IMG_9043-768x1024.jpg 768w, https:\/\/laboartstextiles.org\/wp-content\/uploads\/2023\/10\/IMG_9043-225x300.jpg 225w, https:\/\/laboartstextiles.org\/wp-content\/uploads\/2023\/10\/IMG_9043-1152x1536.jpg 1152w, https:\/\/laboartstextiles.org\/wp-content\/uploads\/2023\/10\/IMG_9043-1536x2048.jpg 1536w, https:\/\/laboartstextiles.org\/wp-content\/uploads\/2023\/10\/IMG_9043-1568x2091.jpg 1568w, https:\/\/laboartstextiles.org\/wp-content\/uploads\/2023\/10\/IMG_9043-1320x1760.jpg 1320w, https:\/\/laboartstextiles.org\/wp-content\/uploads\/2023\/10\/IMG_9043-scaled.jpg 1920w\" sizes=\"auto, (max-width: 768px) 100vw, 768px\" \/><\/figure>\n\n\n\n<figure class=\"wp-block-image size-large\"><img loading=\"lazy\" decoding=\"async\" width=\"768\" height=\"1024\" data-id=\"264\" src=\"http:\/\/laboartstextiles.org\/wp-content\/uploads\/2023\/10\/IMG_9033-768x1024.jpg\" alt=\"\" class=\"wp-image-264\" srcset=\"https:\/\/laboartstextiles.org\/wp-content\/uploads\/2023\/10\/IMG_9033-768x1024.jpg 768w, https:\/\/laboartstextiles.org\/wp-content\/uploads\/2023\/10\/IMG_9033-225x300.jpg 225w, https:\/\/laboartstextiles.org\/wp-content\/uploads\/2023\/10\/IMG_9033-1152x1536.jpg 1152w, https:\/\/laboartstextiles.org\/wp-content\/uploads\/2023\/10\/IMG_9033-1536x2048.jpg 1536w, https:\/\/laboartstextiles.org\/wp-content\/uploads\/2023\/10\/IMG_9033-1568x2091.jpg 1568w, https:\/\/laboartstextiles.org\/wp-content\/uploads\/2023\/10\/IMG_9033-1320x1760.jpg 1320w, https:\/\/laboartstextiles.org\/wp-content\/uploads\/2023\/10\/IMG_9033-scaled.jpg 1920w\" sizes=\"auto, (max-width: 768px) 100vw, 768px\" \/><\/figure>\n\n\n\n<figure class=\"wp-block-image size-large\"><img loading=\"lazy\" decoding=\"async\" width=\"768\" height=\"1024\" data-id=\"260\" src=\"http:\/\/laboartstextiles.org\/wp-content\/uploads\/2023\/10\/IMG_9035-768x1024.jpg\" alt=\"\" class=\"wp-image-260\" srcset=\"https:\/\/laboartstextiles.org\/wp-content\/uploads\/2023\/10\/IMG_9035-768x1024.jpg 768w, https:\/\/laboartstextiles.org\/wp-content\/uploads\/2023\/10\/IMG_9035-225x300.jpg 225w, https:\/\/laboartstextiles.org\/wp-content\/uploads\/2023\/10\/IMG_9035-1152x1536.jpg 1152w, https:\/\/laboartstextiles.org\/wp-content\/uploads\/2023\/10\/IMG_9035-1536x2048.jpg 1536w, https:\/\/laboartstextiles.org\/wp-content\/uploads\/2023\/10\/IMG_9035-1568x2091.jpg 1568w, https:\/\/laboartstextiles.org\/wp-content\/uploads\/2023\/10\/IMG_9035-1320x1760.jpg 1320w, https:\/\/laboartstextiles.org\/wp-content\/uploads\/2023\/10\/IMG_9035-scaled.jpg 1920w\" sizes=\"auto, (max-width: 768px) 100vw, 768px\" \/><\/figure>\n\n\n\n<figure class=\"wp-block-image size-large\"><img loading=\"lazy\" decoding=\"async\" width=\"768\" height=\"1024\" data-id=\"257\" src=\"http:\/\/laboartstextiles.org\/wp-content\/uploads\/2023\/10\/IMG_9037-768x1024.jpg\" alt=\"\" class=\"wp-image-257\" srcset=\"https:\/\/laboartstextiles.org\/wp-content\/uploads\/2023\/10\/IMG_9037-768x1024.jpg 768w, https:\/\/laboartstextiles.org\/wp-content\/uploads\/2023\/10\/IMG_9037-225x300.jpg 225w, https:\/\/laboartstextiles.org\/wp-content\/uploads\/2023\/10\/IMG_9037-1152x1536.jpg 1152w, https:\/\/laboartstextiles.org\/wp-content\/uploads\/2023\/10\/IMG_9037-1536x2048.jpg 1536w, https:\/\/laboartstextiles.org\/wp-content\/uploads\/2023\/10\/IMG_9037-1568x2091.jpg 1568w, https:\/\/laboartstextiles.org\/wp-content\/uploads\/2023\/10\/IMG_9037-1320x1760.jpg 1320w, https:\/\/laboartstextiles.org\/wp-content\/uploads\/2023\/10\/IMG_9037-scaled.jpg 1920w\" sizes=\"auto, (max-width: 768px) 100vw, 768px\" \/><\/figure>\n\n\n\n<figure class=\"wp-block-image size-large\"><img loading=\"lazy\" decoding=\"async\" width=\"768\" height=\"1024\" data-id=\"262\" src=\"http:\/\/laboartstextiles.org\/wp-content\/uploads\/2023\/10\/IMG_9065-768x1024.jpg\" alt=\"\" class=\"wp-image-262\" srcset=\"https:\/\/laboartstextiles.org\/wp-content\/uploads\/2023\/10\/IMG_9065-768x1024.jpg 768w, https:\/\/laboartstextiles.org\/wp-content\/uploads\/2023\/10\/IMG_9065-225x300.jpg 225w, https:\/\/laboartstextiles.org\/wp-content\/uploads\/2023\/10\/IMG_9065-1152x1536.jpg 1152w, https:\/\/laboartstextiles.org\/wp-content\/uploads\/2023\/10\/IMG_9065-1536x2048.jpg 1536w, https:\/\/laboartstextiles.org\/wp-content\/uploads\/2023\/10\/IMG_9065-1568x2091.jpg 1568w, https:\/\/laboartstextiles.org\/wp-content\/uploads\/2023\/10\/IMG_9065-1320x1760.jpg 1320w, https:\/\/laboartstextiles.org\/wp-content\/uploads\/2023\/10\/IMG_9065-scaled.jpg 1920w\" sizes=\"auto, (max-width: 768px) 100vw, 768px\" \/><\/figure>\n<\/figure>\n\n\n\n<figure class=\"wp-block-image size-large\"><img loading=\"lazy\" decoding=\"async\" width=\"1024\" height=\"768\" src=\"http:\/\/laboartstextiles.org\/wp-content\/uploads\/2023\/10\/IMG_9049-1-1024x768.jpg\" alt=\"\" class=\"wp-image-282\" srcset=\"https:\/\/laboartstextiles.org\/wp-content\/uploads\/2023\/10\/IMG_9049-1-1024x768.jpg 1024w, https:\/\/laboartstextiles.org\/wp-content\/uploads\/2023\/10\/IMG_9049-1-300x225.jpg 300w, https:\/\/laboartstextiles.org\/wp-content\/uploads\/2023\/10\/IMG_9049-1-768x576.jpg 768w, https:\/\/laboartstextiles.org\/wp-content\/uploads\/2023\/10\/IMG_9049-1-1536x1152.jpg 1536w, https:\/\/laboartstextiles.org\/wp-content\/uploads\/2023\/10\/IMG_9049-1-2048x1536.jpg 2048w, https:\/\/laboartstextiles.org\/wp-content\/uploads\/2023\/10\/IMG_9049-1-1568x1176.jpg 1568w, https:\/\/laboartstextiles.org\/wp-content\/uploads\/2023\/10\/IMG_9049-1-1320x990.jpg 1320w\" sizes=\"auto, (max-width: 1024px) 100vw, 1024px\" \/><\/figure>\n\n\n\n<p class=\"has-text-align-right\"><sub>\u00a9Diane B\u00e9ch\u00e9ras<\/sub><\/p>\n","protected":false},"excerpt":{"rendered":"<p>Dans le cadre d&rsquo;un projet au long-court sur la revalorisation de la laine Limousine, Clara Salomon et Anna Gianferrari ont propos\u00e9 un atelier tout public sur la technique de la&hellip; <a class=\"more-link\" href=\"https:\/\/laboartstextiles.org\/index.php\/un-tapis-feutre-pour-cadet-roussel-faux-la-montagne\/\">Poursuivre la lecture <span class=\"screen-reader-text\">Un tapis feutr\u00e9 pour Cadet Roussel (Faux-La-Montagne)<\/span><\/a><\/p>\n","protected":false},"author":1,"featured_media":0,"parent":0,"menu_order":0,"comment_status":"closed","ping_status":"closed","template":"","meta":{"_EventAllDay":false,"_EventTimezone":"","_EventStartDate":"","_EventEndDate":"","_EventStartDateUTC":"","_EventEndDateUTC":"","_EventShowMap":false,"_EventShowMapLink":false,"_EventURL":"","_EventCost":"","_EventCostDescription":"","_EventCurrencySymbol":"","_EventCurrencyCode":"","_EventCurrencyPosition":"","_EventDateTimeSeparator":"","_EventTimeRangeSeparator":"","_EventOrganizerID":[],"_EventVenueID":[],"_OrganizerEmail":"","_OrganizerPhone":"","_OrganizerWebsite":"","_VenueAddress":"","_VenueCity":"","_VenueCountry":"","_VenueProvince":"","_VenueState":"","_VenueZip":"","_VenuePhone":"","_VenueURL":"","_VenueStateProvince":"","_VenueLat":"","_VenueLng":"","_VenueShowMap":false,"_VenueShowMapLink":false,"footnotes":""},"class_list":["post-184","page","type-page","status-publish","hentry","entry"],"_links":{"self":[{"href":"https:\/\/laboartstextiles.org\/index.php\/wp-json\/wp\/v2\/pages\/184","targetHints":{"allow":["GET"]}}],"collection":[{"href":"https:\/\/laboartstextiles.org\/index.php\/wp-json\/wp\/v2\/pages"}],"about":[{"href":"https:\/\/laboartstextiles.org\/index.php\/wp-json\/wp\/v2\/types\/page"}],"author":[{"embeddable":true,"href":"https:\/\/laboartstextiles.org\/index.php\/wp-json\/wp\/v2\/users\/1"}],"replies":[{"embeddable":true,"href":"https:\/\/laboartstextiles.org\/index.php\/wp-json\/wp\/v2\/comments?post=184"}],"version-history":[{"count":4,"href":"https:\/\/laboartstextiles.org\/index.php\/wp-json\/wp\/v2\/pages\/184\/revisions"}],"predecessor-version":[{"id":286,"href":"https:\/\/laboartstextiles.org\/index.php\/wp-json\/wp\/v2\/pages\/184\/revisions\/286"}],"wp:attachment":[{"href":"https:\/\/laboartstextiles.org\/index.php\/wp-json\/wp\/v2\/media?parent=184"}],"curies":[{"name":"wp","href":"https:\/\/api.w.org\/{rel}","templated":true}]}}