{"id":202,"date":"2023-10-01T16:28:45","date_gmt":"2023-10-01T14:28:45","guid":{"rendered":"http:\/\/laboartstextiles.org\/?page_id=202"},"modified":"2023-10-01T16:28:45","modified_gmt":"2023-10-01T14:28:45","slug":"voyage-de-recherches-au-musee-du-masque-et-du-carnaval-de-binche","status":"publish","type":"page","link":"https:\/\/laboartstextiles.org\/index.php\/voyage-de-recherches-au-musee-du-masque-et-du-carnaval-de-binche\/","title":{"rendered":"Voyage de recherches au Mus\u00e9e du masque et du carnaval de Binche"},"content":{"rendered":"\n<p><strong>18 &#8211; 24 septembre 2023 \u00e0 Binche<\/strong><\/p>\n\n\n\n<p>Ce voyage a \u00e9t\u00e9 la premi\u00e8re occurrence de rencontre du groupe               \u00ab\u00a0textile et rituel\u00a0\u00bb. Nous sommes parties \u00e0 cinq membres de l&rsquo;association, M\u00e9lanie Leduc, Eliott Jardel, H\u00e9l\u00e8ne Chaudeau, A\u00ebla Cabel et Anna Gianferrari en immersion dans le mus\u00e9e pour l&rsquo;exposition \u00ab\u00a0Entrelacs\u00a0\u00bb. Nous avons rencontr\u00e9 Lucie Smolderen et Patrica Guerimont, les commissaires qui ont r\u00e9unis un tr\u00e8s bel ensemble de pi\u00e8ces textiles intervenant dans des pratiques rituelles du monde entier. L&rsquo;exposition proposait un voyage \u00e0 partir de six entr\u00e9es\u00a0:\u00a0se transformer &#8211; se prot\u00e9ger &#8211; se montrer &#8211; repr\u00e9senter le monde &#8211; attacher le mariage &#8211; honorer les morts. <\/p>\n\n\n\n<p>Nous avons rencontr\u00e9 Karl et visit\u00e9 son atelier de louageur, c&rsquo;est-\u00e0 -dire fabriquant et loueur de costumes de Gilles pour le carnaval de Binche, class\u00e9 au patrimoine mondial de l&rsquo;Unesco.<\/p>\n\n\n\n<p>Nous avons organis\u00e9 notre temps entre d\u00e9couverte des expositions et pr\u00e9sentation de nos exp\u00e9riences, r\u00e9cits et projets sur la th\u00e9matique textile et rituel. A\u00ebla nous a pr\u00e9sent\u00e9 le projet Adventices qui r\u00e9unis plusieurs artistes autour de la teinture v\u00e9g\u00e9tale en Limousin, ainsi que ses diff\u00e9rentes installations m\u00ealant c\u00e9ramique, textile, cueillette, performance et narration. H\u00e9l\u00e8ne a pr\u00e9sent\u00e9 son travail d&rsquo;agent fun\u00e9raire et sa pratique de la c\u00e9ramique en lien avec l&rsquo;accompagnement des d\u00e9funts et du deuil. Eliott nous a partag\u00e9 le r\u00e9cit de la cr\u00e9ation d&rsquo;un \u00e9v\u00e9nement autour de la St Jean \u00e0 Mosset, son village, et particuli\u00e8rement les masques cr\u00e9\u00e9s avec des enfants pour cette occasion. Il nous a aussi fait rencontrer Iris-Talhi, d\u00e9esse du lien social, une poup\u00e9e cr\u00e9\u00e9e collectivement par le biais de correspondances et d&rsquo;\u00e9criture collective. M\u00e9lanie nous a fait part du r\u00e9cit de sa c\u00e9r\u00e9monie de \u00ab\u00a0mariage\u00a0\u00bb avec Vita, ode \u00e0 l&rsquo;amour o\u00f9 les objets, m\u00e9ticuleusement choisis et confectionn\u00e9s par leurs soins, avaient une place centrale dans l&rsquo;efficience du rituel. Pendant un temps de recueillement, Anna a partag\u00e9 son exp\u00e9rience de fabrication de linceuls, puis ses questionnements sur l&rsquo;accompagnement de personnes dans les moments de passage de la vie par l\u2019interm\u00e9diaire d\u2019objets, tout en exprimant la richesse et le d\u00e9calage cr\u00e9atif que ces exp\u00e9riences lui ont procur\u00e9es.<\/p>\n\n\n\n<figure class=\"wp-block-image size-large\"><img loading=\"lazy\" decoding=\"async\" width=\"768\" height=\"1024\" src=\"http:\/\/laboartstextiles.org\/wp-content\/uploads\/2023\/10\/IMG_1007-768x1024.jpg\" alt=\"\" class=\"wp-image-203\" srcset=\"https:\/\/laboartstextiles.org\/wp-content\/uploads\/2023\/10\/IMG_1007-768x1024.jpg 768w, https:\/\/laboartstextiles.org\/wp-content\/uploads\/2023\/10\/IMG_1007-225x300.jpg 225w, https:\/\/laboartstextiles.org\/wp-content\/uploads\/2023\/10\/IMG_1007-1152x1536.jpg 1152w, https:\/\/laboartstextiles.org\/wp-content\/uploads\/2023\/10\/IMG_1007-1536x2048.jpg 1536w, https:\/\/laboartstextiles.org\/wp-content\/uploads\/2023\/10\/IMG_1007-1568x2091.jpg 1568w, https:\/\/laboartstextiles.org\/wp-content\/uploads\/2023\/10\/IMG_1007-1320x1760.jpg 1320w, https:\/\/laboartstextiles.org\/wp-content\/uploads\/2023\/10\/IMG_1007-scaled.jpg 1920w\" sizes=\"auto, (max-width: 768px) 100vw, 768px\" \/><\/figure>\n","protected":false},"excerpt":{"rendered":"<p>18 &#8211; 24 septembre 2023 \u00e0 Binche Ce voyage a \u00e9t\u00e9 la premi\u00e8re occurrence de rencontre du groupe \u00ab\u00a0textile et rituel\u00a0\u00bb. Nous sommes parties \u00e0 cinq membres de l&rsquo;association, M\u00e9lanie&hellip; <a class=\"more-link\" href=\"https:\/\/laboartstextiles.org\/index.php\/voyage-de-recherches-au-musee-du-masque-et-du-carnaval-de-binche\/\">Poursuivre la lecture <span class=\"screen-reader-text\">Voyage de recherches au Mus\u00e9e du masque et du carnaval de Binche<\/span><\/a><\/p>\n","protected":false},"author":1,"featured_media":0,"parent":0,"menu_order":0,"comment_status":"closed","ping_status":"closed","template":"","meta":{"_EventAllDay":false,"_EventTimezone":"","_EventStartDate":"","_EventEndDate":"","_EventStartDateUTC":"","_EventEndDateUTC":"","_EventShowMap":false,"_EventShowMapLink":false,"_EventURL":"","_EventCost":"","_EventCostDescription":"","_EventCurrencySymbol":"","_EventCurrencyCode":"","_EventCurrencyPosition":"","_EventDateTimeSeparator":"","_EventTimeRangeSeparator":"","_EventOrganizerID":[],"_EventVenueID":[],"_OrganizerEmail":"","_OrganizerPhone":"","_OrganizerWebsite":"","_VenueAddress":"","_VenueCity":"","_VenueCountry":"","_VenueProvince":"","_VenueState":"","_VenueZip":"","_VenuePhone":"","_VenueURL":"","_VenueStateProvince":"","_VenueLat":"","_VenueLng":"","_VenueShowMap":false,"_VenueShowMapLink":false,"footnotes":""},"class_list":["post-202","page","type-page","status-publish","hentry","entry"],"_links":{"self":[{"href":"https:\/\/laboartstextiles.org\/index.php\/wp-json\/wp\/v2\/pages\/202","targetHints":{"allow":["GET"]}}],"collection":[{"href":"https:\/\/laboartstextiles.org\/index.php\/wp-json\/wp\/v2\/pages"}],"about":[{"href":"https:\/\/laboartstextiles.org\/index.php\/wp-json\/wp\/v2\/types\/page"}],"author":[{"embeddable":true,"href":"https:\/\/laboartstextiles.org\/index.php\/wp-json\/wp\/v2\/users\/1"}],"replies":[{"embeddable":true,"href":"https:\/\/laboartstextiles.org\/index.php\/wp-json\/wp\/v2\/comments?post=202"}],"version-history":[{"count":1,"href":"https:\/\/laboartstextiles.org\/index.php\/wp-json\/wp\/v2\/pages\/202\/revisions"}],"predecessor-version":[{"id":204,"href":"https:\/\/laboartstextiles.org\/index.php\/wp-json\/wp\/v2\/pages\/202\/revisions\/204"}],"wp:attachment":[{"href":"https:\/\/laboartstextiles.org\/index.php\/wp-json\/wp\/v2\/media?parent=202"}],"curies":[{"name":"wp","href":"https:\/\/api.w.org\/{rel}","templated":true}]}}