{"id":205,"date":"2023-10-01T16:39:11","date_gmt":"2023-10-01T14:39:11","guid":{"rendered":"http:\/\/laboartstextiles.org\/?page_id=205"},"modified":"2023-10-01T17:46:45","modified_gmt":"2023-10-01T15:46:45","slug":"atelier-serigraphie-et-encres-vegetal-au-musee-du-masque-et-carnaval-de-binche","status":"publish","type":"page","link":"https:\/\/laboartstextiles.org\/index.php\/atelier-serigraphie-et-encres-vegetal-au-musee-du-masque-et-carnaval-de-binche\/","title":{"rendered":"Atelier s\u00e9rigraphie et encres v\u00e9g\u00e9tal au mus\u00e9e du masque et carnaval de Binche\u00a0"},"content":{"rendered":"\n<p><strong>23 septembre 2023 \u00e0 Binch<\/strong>e<\/p>\n\n\n\n<p>Dans le cadre de notre voyage de recherche nous avons propos\u00e9 un atelier de s\u00e9rigraphie \u00e0 partir d&rsquo;encres v\u00e9g\u00e9tales. Nous avons pr\u00e9par\u00e9 et anim\u00e9 cet atelier collectivement et nous avons accueillis 22 participant.es de tous \u00e2ges. Nous avons fabriqu\u00e9 des encres \u00e0 partir de d\u00e9coction de feuilles de boulot, de sumac et de pelures d&rsquo;oignon. Nous avons imprim\u00e9 diff\u00e9rents motifs superpos\u00e9s jouant avec les couleurs et les transparences pour r\u00e9aliser de grandes frises que nous avons ensuite d\u00e9coup\u00e9 pour cr\u00e9er de joyeux fanions que les personnes ont pu assembler pour r\u00e9aliser leurs propres guirlandes.&nbsp;&nbsp;<\/p>\n\n\n\n<figure class=\"wp-block-image size-large\"><img loading=\"lazy\" decoding=\"async\" width=\"768\" height=\"1024\" src=\"http:\/\/laboartstextiles.org\/wp-content\/uploads\/2023\/10\/image_67222017-768x1024.jpg\" alt=\"\" class=\"wp-image-206\" srcset=\"https:\/\/laboartstextiles.org\/wp-content\/uploads\/2023\/10\/image_67222017-768x1024.jpg 768w, https:\/\/laboartstextiles.org\/wp-content\/uploads\/2023\/10\/image_67222017-225x300.jpg 225w, https:\/\/laboartstextiles.org\/wp-content\/uploads\/2023\/10\/image_67222017-1152x1536.jpg 1152w, https:\/\/laboartstextiles.org\/wp-content\/uploads\/2023\/10\/image_67222017-1536x2048.jpg 1536w, https:\/\/laboartstextiles.org\/wp-content\/uploads\/2023\/10\/image_67222017-1568x2091.jpg 1568w, https:\/\/laboartstextiles.org\/wp-content\/uploads\/2023\/10\/image_67222017-1320x1760.jpg 1320w, https:\/\/laboartstextiles.org\/wp-content\/uploads\/2023\/10\/image_67222017-scaled.jpg 1920w\" sizes=\"auto, (max-width: 768px) 100vw, 768px\" \/><\/figure>\n\n\n\n<figure class=\"wp-block-image size-large\"><img loading=\"lazy\" decoding=\"async\" width=\"768\" height=\"1024\" src=\"http:\/\/laboartstextiles.org\/wp-content\/uploads\/2023\/10\/image_67209473-768x1024.jpg\" alt=\"\" class=\"wp-image-208\" srcset=\"https:\/\/laboartstextiles.org\/wp-content\/uploads\/2023\/10\/image_67209473-768x1024.jpg 768w, https:\/\/laboartstextiles.org\/wp-content\/uploads\/2023\/10\/image_67209473-225x300.jpg 225w, https:\/\/laboartstextiles.org\/wp-content\/uploads\/2023\/10\/image_67209473-1152x1536.jpg 1152w, https:\/\/laboartstextiles.org\/wp-content\/uploads\/2023\/10\/image_67209473-1536x2048.jpg 1536w, https:\/\/laboartstextiles.org\/wp-content\/uploads\/2023\/10\/image_67209473-1568x2091.jpg 1568w, https:\/\/laboartstextiles.org\/wp-content\/uploads\/2023\/10\/image_67209473-1320x1760.jpg 1320w, https:\/\/laboartstextiles.org\/wp-content\/uploads\/2023\/10\/image_67209473-scaled.jpg 1920w\" sizes=\"auto, (max-width: 768px) 100vw, 768px\" \/><\/figure>\n\n\n\n<figure class=\"wp-block-image size-large\"><img loading=\"lazy\" decoding=\"async\" width=\"768\" height=\"1024\" src=\"http:\/\/laboartstextiles.org\/wp-content\/uploads\/2023\/10\/image_67505409-768x1024.jpg\" alt=\"\" class=\"wp-image-209\" srcset=\"https:\/\/laboartstextiles.org\/wp-content\/uploads\/2023\/10\/image_67505409-768x1024.jpg 768w, https:\/\/laboartstextiles.org\/wp-content\/uploads\/2023\/10\/image_67505409-225x300.jpg 225w, https:\/\/laboartstextiles.org\/wp-content\/uploads\/2023\/10\/image_67505409-1152x1536.jpg 1152w, https:\/\/laboartstextiles.org\/wp-content\/uploads\/2023\/10\/image_67505409-1536x2048.jpg 1536w, https:\/\/laboartstextiles.org\/wp-content\/uploads\/2023\/10\/image_67505409-1568x2091.jpg 1568w, https:\/\/laboartstextiles.org\/wp-content\/uploads\/2023\/10\/image_67505409-1320x1760.jpg 1320w, https:\/\/laboartstextiles.org\/wp-content\/uploads\/2023\/10\/image_67505409-scaled.jpg 1920w\" sizes=\"auto, (max-width: 768px) 100vw, 768px\" \/><\/figure>\n\n\n\n<figure class=\"wp-block-gallery has-nested-images columns-default is-cropped wp-block-gallery-1 is-layout-flex wp-block-gallery-is-layout-flex\">\n<figure class=\"wp-block-image size-large\"><img loading=\"lazy\" decoding=\"async\" width=\"768\" height=\"1024\" data-id=\"210\" src=\"http:\/\/laboartstextiles.org\/wp-content\/uploads\/2023\/10\/image_67532545-768x1024.jpg\" alt=\"\" class=\"wp-image-210\" srcset=\"https:\/\/laboartstextiles.org\/wp-content\/uploads\/2023\/10\/image_67532545-768x1024.jpg 768w, https:\/\/laboartstextiles.org\/wp-content\/uploads\/2023\/10\/image_67532545-225x300.jpg 225w, https:\/\/laboartstextiles.org\/wp-content\/uploads\/2023\/10\/image_67532545-1152x1536.jpg 1152w, https:\/\/laboartstextiles.org\/wp-content\/uploads\/2023\/10\/image_67532545-1536x2048.jpg 1536w, https:\/\/laboartstextiles.org\/wp-content\/uploads\/2023\/10\/image_67532545-1568x2091.jpg 1568w, https:\/\/laboartstextiles.org\/wp-content\/uploads\/2023\/10\/image_67532545-1320x1760.jpg 1320w, https:\/\/laboartstextiles.org\/wp-content\/uploads\/2023\/10\/image_67532545-scaled.jpg 1920w\" sizes=\"auto, (max-width: 768px) 100vw, 768px\" \/><\/figure>\n<\/figure>\n\n\n\n<figure class=\"wp-block-image size-large\"><img loading=\"lazy\" decoding=\"async\" width=\"768\" height=\"1024\" src=\"http:\/\/laboartstextiles.org\/wp-content\/uploads\/2023\/10\/image_67171841-768x1024.jpg\" alt=\"\" class=\"wp-image-211\" srcset=\"https:\/\/laboartstextiles.org\/wp-content\/uploads\/2023\/10\/image_67171841-768x1024.jpg 768w, https:\/\/laboartstextiles.org\/wp-content\/uploads\/2023\/10\/image_67171841-225x300.jpg 225w, https:\/\/laboartstextiles.org\/wp-content\/uploads\/2023\/10\/image_67171841-1152x1536.jpg 1152w, https:\/\/laboartstextiles.org\/wp-content\/uploads\/2023\/10\/image_67171841-1536x2048.jpg 1536w, https:\/\/laboartstextiles.org\/wp-content\/uploads\/2023\/10\/image_67171841-1568x2091.jpg 1568w, https:\/\/laboartstextiles.org\/wp-content\/uploads\/2023\/10\/image_67171841-1320x1760.jpg 1320w, https:\/\/laboartstextiles.org\/wp-content\/uploads\/2023\/10\/image_67171841-scaled.jpg 1920w\" sizes=\"auto, (max-width: 768px) 100vw, 768px\" \/><\/figure>\n","protected":false},"excerpt":{"rendered":"<p>23 septembre 2023 \u00e0 Binche Dans le cadre de notre voyage de recherche nous avons propos\u00e9 un atelier de s\u00e9rigraphie \u00e0 partir d&rsquo;encres v\u00e9g\u00e9tales. Nous avons pr\u00e9par\u00e9 et anim\u00e9 cet&hellip; <a class=\"more-link\" href=\"https:\/\/laboartstextiles.org\/index.php\/atelier-serigraphie-et-encres-vegetal-au-musee-du-masque-et-carnaval-de-binche\/\">Poursuivre la lecture <span class=\"screen-reader-text\">Atelier s\u00e9rigraphie et encres v\u00e9g\u00e9tal au mus\u00e9e du masque et carnaval de Binche\u00a0<\/span><\/a><\/p>\n","protected":false},"author":1,"featured_media":0,"parent":0,"menu_order":0,"comment_status":"closed","ping_status":"closed","template":"","meta":{"_EventAllDay":false,"_EventTimezone":"","_EventStartDate":"","_EventEndDate":"","_EventStartDateUTC":"","_EventEndDateUTC":"","_EventShowMap":false,"_EventShowMapLink":false,"_EventURL":"","_EventCost":"","_EventCostDescription":"","_EventCurrencySymbol":"","_EventCurrencyCode":"","_EventCurrencyPosition":"","_EventDateTimeSeparator":"","_EventTimeRangeSeparator":"","_EventOrganizerID":[],"_EventVenueID":[],"_OrganizerEmail":"","_OrganizerPhone":"","_OrganizerWebsite":"","_VenueAddress":"","_VenueCity":"","_VenueCountry":"","_VenueProvince":"","_VenueState":"","_VenueZip":"","_VenuePhone":"","_VenueURL":"","_VenueStateProvince":"","_VenueLat":"","_VenueLng":"","_VenueShowMap":false,"_VenueShowMapLink":false,"footnotes":""},"class_list":["post-205","page","type-page","status-publish","hentry","entry"],"_links":{"self":[{"href":"https:\/\/laboartstextiles.org\/index.php\/wp-json\/wp\/v2\/pages\/205","targetHints":{"allow":["GET"]}}],"collection":[{"href":"https:\/\/laboartstextiles.org\/index.php\/wp-json\/wp\/v2\/pages"}],"about":[{"href":"https:\/\/laboartstextiles.org\/index.php\/wp-json\/wp\/v2\/types\/page"}],"author":[{"embeddable":true,"href":"https:\/\/laboartstextiles.org\/index.php\/wp-json\/wp\/v2\/users\/1"}],"replies":[{"embeddable":true,"href":"https:\/\/laboartstextiles.org\/index.php\/wp-json\/wp\/v2\/comments?post=205"}],"version-history":[{"count":2,"href":"https:\/\/laboartstextiles.org\/index.php\/wp-json\/wp\/v2\/pages\/205\/revisions"}],"predecessor-version":[{"id":299,"href":"https:\/\/laboartstextiles.org\/index.php\/wp-json\/wp\/v2\/pages\/205\/revisions\/299"}],"wp:attachment":[{"href":"https:\/\/laboartstextiles.org\/index.php\/wp-json\/wp\/v2\/media?parent=205"}],"curies":[{"name":"wp","href":"https:\/\/api.w.org\/{rel}","templated":true}]}}