{"id":22,"date":"2022-05-19T09:50:16","date_gmt":"2022-05-19T07:50:16","guid":{"rendered":"http:\/\/laboartstextiles.org\/?page_id=22"},"modified":"2025-10-04T13:07:39","modified_gmt":"2025-10-04T11:07:39","slug":"a-propos-de","status":"publish","type":"page","link":"https:\/\/laboartstextiles.org\/","title":{"rendered":"L&rsquo;association"},"content":{"rendered":"\n<h4 class=\"wp-block-heading has-text-align-left\">Le Laboratoire d\u2019arts textiles, est une association (Loi 1901) qui regroupe des praticien\u00b7nes &#8211; chercheur\u00b7euses, artistes, artisan\u00b7es, amateur\u00b7ices &#8211; autour de sujets textiles.<\/h4>\n\n\n\n<p class=\"has-text-align-left\">Le but premier de notre association est de cr\u00e9er des outils, des espaces et des temps de recherches et d\u2019exp\u00e9rimentations pour mettre en partage nos savoir-faire tant th\u00e9oriques que pratiques tout en faisant croiser la singularit\u00e9 de nos sensibilit\u00e9s. Nous explorons des mani\u00e8res de \u00ab faire \u00e9cole \u00bb en cr\u00e9ant des contextes d&rsquo;\u00e9changes en horizontalit\u00e9 pour faciliter la transmission ainsi que l\u2019apprentissage.<\/p>\n\n\n\n<p class=\"has-text-align-left\">Nous \u00e9prouvons l&rsquo;exp\u00e9rience de faire groupe et de tisser un r\u00e9seau afin de nous entraider, de mutualiser des ressources (mat\u00e9riel, fond documentaire, informations &#8230;), de tendre \u00e0 une forme de coop\u00e9rative mais aussi pour apprendre et exp\u00e9rimenter de nouvelles techniques, pour collaborer ou encore r\u00e9fl\u00e9chir \u00e0 nos pratiques. Les activit\u00e9s du Laboratoire d&rsquo;arts textiles sont donc polymorphes : semaine de rencontres, groupes de recherche et de cr\u00e9ation, lectures par arpentages, ateliers tous publics, interventions en milieu scolaire&#8230;<br>La cr\u00e9ation, les usages et les symboles du textile traversent les sciences humaines et nous tentons de faire vivre cette transversalit\u00e9 au sein de notre groupe et de nos activit\u00e9s. <\/p>\n\n\n\n<p class=\"has-text-align-left\">Bas\u00e9 en premier lieu sur le territoire d\u2019Aubusson-Felletin et du Plateau de Millevaches, le r\u00e9seau de notre association s\u2019\u00e9tend plus largement en France : Marseille, Nantes, Loire-et-Cher, Charente-Maritime&#8230;<\/p>\n\n\n\n<figure class=\"wp-block-image alignwide size-full\"><img loading=\"lazy\" decoding=\"async\" width=\"1707\" height=\"2560\" src=\"http:\/\/laboartstextiles.org\/wp-content\/uploads\/2023\/10\/AG_diapo-41-scaled.jpg\" alt=\"\" class=\"wp-image-359\" srcset=\"https:\/\/laboartstextiles.org\/wp-content\/uploads\/2023\/10\/AG_diapo-41-scaled.jpg 1707w, https:\/\/laboartstextiles.org\/wp-content\/uploads\/2023\/10\/AG_diapo-41-200x300.jpg 200w, https:\/\/laboartstextiles.org\/wp-content\/uploads\/2023\/10\/AG_diapo-41-683x1024.jpg 683w, https:\/\/laboartstextiles.org\/wp-content\/uploads\/2023\/10\/AG_diapo-41-768x1152.jpg 768w, https:\/\/laboartstextiles.org\/wp-content\/uploads\/2023\/10\/AG_diapo-41-1024x1536.jpg 1024w, https:\/\/laboartstextiles.org\/wp-content\/uploads\/2023\/10\/AG_diapo-41-1365x2048.jpg 1365w, https:\/\/laboartstextiles.org\/wp-content\/uploads\/2023\/10\/AG_diapo-41-1568x2352.jpg 1568w, https:\/\/laboartstextiles.org\/wp-content\/uploads\/2023\/10\/AG_diapo-41-1320x1980.jpg 1320w\" sizes=\"auto, (max-width: 1707px) 100vw, 1707px\" \/><\/figure>\n\n\n\n<p class=\"has-text-align-left\"><br><\/p>\n\n\n\n<div class=\"wp-block-media-text alignwide is-stacked-on-mobile is-vertically-aligned-center\" style=\"grid-template-columns:39% auto\"><figure class=\"wp-block-media-text__media\"><img loading=\"lazy\" decoding=\"async\" width=\"700\" height=\"525\" src=\"http:\/\/laboartstextiles.org\/wp-content\/uploads\/2023\/01\/9FC723EF71B046E9ADF3CE847EC3F255.jpg\" alt=\"\" class=\"wp-image-59 size-full\" srcset=\"https:\/\/laboartstextiles.org\/wp-content\/uploads\/2023\/01\/9FC723EF71B046E9ADF3CE847EC3F255.jpg 700w, https:\/\/laboartstextiles.org\/wp-content\/uploads\/2023\/01\/9FC723EF71B046E9ADF3CE847EC3F255-300x225.jpg 300w\" sizes=\"auto, (max-width: 700px) 100vw, 700px\" \/><\/figure><div class=\"wp-block-media-text__content\">\n<h3 class=\"wp-block-heading has-text-align-center has-text-color\" style=\"color:#000000\"><strong>Pour adh\u00e9rer \u00e0 l&rsquo;association <\/strong><\/h3>\n\n\n\n<p class=\"has-text-align-center has-extra-small-font-size\"><a href=\"https:\/\/www.helloasso.com\/associations\/laboratoire-d-arts-textile\" target=\"_blank\" rel=\"noreferrer noopener\">par ici \u2197<\/a><\/p>\n\n\n\n<hr class=\"wp-block-separator has-alpha-channel-opacity\"\/>\n\n\n\n<div style=\"height:109px\" aria-hidden=\"true\" class=\"wp-block-spacer\"><\/div>\n<\/div><\/div>\n","protected":false},"excerpt":{"rendered":"<p>Le Laboratoire d\u2019arts textiles, est une association (Loi 1901) qui regroupe des praticien\u00b7nes &#8211; chercheur\u00b7euses, artistes, artisan\u00b7es, amateur\u00b7ices &#8211; autour de sujets textiles. Le but premier de notre association est&hellip; <a class=\"more-link\" href=\"https:\/\/laboartstextiles.org\/\">Poursuivre la lecture <span class=\"screen-reader-text\">L&rsquo;association<\/span><\/a><\/p>\n","protected":false},"author":1,"featured_media":0,"parent":0,"menu_order":0,"comment_status":"closed","ping_status":"closed","template":"","meta":{"_EventAllDay":false,"_EventTimezone":"","_EventStartDate":"","_EventEndDate":"","_EventStartDateUTC":"","_EventEndDateUTC":"","_EventShowMap":false,"_EventShowMapLink":false,"_EventURL":"","_EventCost":"","_EventCostDescription":"","_EventCurrencySymbol":"","_EventCurrencyCode":"","_EventCurrencyPosition":"","_EventDateTimeSeparator":"","_EventTimeRangeSeparator":"","_EventOrganizerID":[],"_EventVenueID":[],"_OrganizerEmail":"","_OrganizerPhone":"","_OrganizerWebsite":"","_VenueAddress":"","_VenueCity":"","_VenueCountry":"","_VenueProvince":"","_VenueState":"","_VenueZip":"","_VenuePhone":"","_VenueURL":"","_VenueStateProvince":"","_VenueLat":"","_VenueLng":"","_VenueShowMap":false,"_VenueShowMapLink":false,"footnotes":""},"class_list":["post-22","page","type-page","status-publish","hentry","entry"],"_links":{"self":[{"href":"https:\/\/laboartstextiles.org\/index.php\/wp-json\/wp\/v2\/pages\/22","targetHints":{"allow":["GET"]}}],"collection":[{"href":"https:\/\/laboartstextiles.org\/index.php\/wp-json\/wp\/v2\/pages"}],"about":[{"href":"https:\/\/laboartstextiles.org\/index.php\/wp-json\/wp\/v2\/types\/page"}],"author":[{"embeddable":true,"href":"https:\/\/laboartstextiles.org\/index.php\/wp-json\/wp\/v2\/users\/1"}],"replies":[{"embeddable":true,"href":"https:\/\/laboartstextiles.org\/index.php\/wp-json\/wp\/v2\/comments?post=22"}],"version-history":[{"count":13,"href":"https:\/\/laboartstextiles.org\/index.php\/wp-json\/wp\/v2\/pages\/22\/revisions"}],"predecessor-version":[{"id":439,"href":"https:\/\/laboartstextiles.org\/index.php\/wp-json\/wp\/v2\/pages\/22\/revisions\/439"}],"wp:attachment":[{"href":"https:\/\/laboartstextiles.org\/index.php\/wp-json\/wp\/v2\/media?parent=22"}],"curies":[{"name":"wp","href":"https:\/\/api.w.org\/{rel}","templated":true}]}}