{"id":390,"date":"2023-12-03T22:53:46","date_gmt":"2023-12-03T21:53:46","guid":{"rendered":"http:\/\/laboartstextiles.org\/?page_id=390"},"modified":"2023-12-03T22:55:26","modified_gmt":"2023-12-03T21:55:26","slug":"exposition-adventices-x-laboratoire-darts-textiles-a-pang-la-gare-felletin","status":"publish","type":"page","link":"https:\/\/laboartstextiles.org\/index.php\/exposition-adventices-x-laboratoire-darts-textiles-a-pang-la-gare-felletin\/","title":{"rendered":"Exposition Adventices X Laboratoire d&rsquo;arts textiles"},"content":{"rendered":"\n<figure class=\"wp-block-image size-large\"><img loading=\"lazy\" decoding=\"async\" width=\"819\" height=\"1024\" src=\"http:\/\/laboartstextiles.org\/wp-content\/uploads\/2023\/12\/Exposition-Adventices-x-Le-laboratoire-darts-textiles-819x1024.jpg\" alt=\"\" class=\"wp-image-391\" srcset=\"https:\/\/laboartstextiles.org\/wp-content\/uploads\/2023\/12\/Exposition-Adventices-x-Le-laboratoire-darts-textiles-819x1024.jpg 819w, https:\/\/laboartstextiles.org\/wp-content\/uploads\/2023\/12\/Exposition-Adventices-x-Le-laboratoire-darts-textiles-240x300.jpg 240w, https:\/\/laboartstextiles.org\/wp-content\/uploads\/2023\/12\/Exposition-Adventices-x-Le-laboratoire-darts-textiles-768x960.jpg 768w, https:\/\/laboartstextiles.org\/wp-content\/uploads\/2023\/12\/Exposition-Adventices-x-Le-laboratoire-darts-textiles-1229x1536.jpg 1229w, https:\/\/laboartstextiles.org\/wp-content\/uploads\/2023\/12\/Exposition-Adventices-x-Le-laboratoire-darts-textiles-1638x2048.jpg 1638w, https:\/\/laboartstextiles.org\/wp-content\/uploads\/2023\/12\/Exposition-Adventices-x-Le-laboratoire-darts-textiles-1568x1960.jpg 1568w, https:\/\/laboartstextiles.org\/wp-content\/uploads\/2023\/12\/Exposition-Adventices-x-Le-laboratoire-darts-textiles-1320x1650.jpg 1320w, https:\/\/laboartstextiles.org\/wp-content\/uploads\/2023\/12\/Exposition-Adventices-x-Le-laboratoire-darts-textiles-scaled.jpg 2048w\" sizes=\"auto, (max-width: 819px) 100vw, 819px\" \/><\/figure>\n\n\n\n<p>\u00c0 l&rsquo;occasion des Journ\u00e9es de la Laine 2023, Adventices \u00d7 Le Laboratoire d&rsquo;arts textiles\u00a0ont pr\u00e9sent\u00e9s leurs premi\u00e8res recherches autour de la transformation de laines\u00a0Limousines et des teintures naturelles en Limousin men\u00e9es lors de temps de\u00a0r\u00e9sidences et d&rsquo;ateliers pendant l&rsquo;\u00e9t\u00e9 2023. Tapis feutr\u00e9s, photos, documentaire audio et\u00a0recherches \u00e9taient expos\u00e9s du 27 octobre au 8 d\u00e9cembre \u00e0 PANG La Gare ! (Felletin) sur une invitation de Quartier Rouge !\u00a0<\/p>\n\n\n\n<p>Cette exposition faisait d\u00e9couvrir les recherches et exp\u00e9rimentations&nbsp;men\u00e9es sur plusieurs temps par les membres du projet Adventices :<\/p>\n\n\n\n<ul class=\"wp-block-list\">\n<li> le jardin de plantes tinctoriales \u00e0 Eymoutiers&nbsp;(dans le jardin partag\u00e9 de la Viennes avec le Monde Allant Vers&#8230;&nbsp;)<\/li>\n\n\n\n<li>la R\u00e9sidence de recherches chez Fossile Futur&nbsp;\u00e0 Meymac<\/li>\n\n\n\n<li>ainsi que les recherches men\u00e9es autour de la laine limousine et du feutre \u00e0 la ferme de Lachaud&nbsp;avec des membres de l\u2019association Laboratoire d\u2019arts Textiles.&nbsp;<\/li>\n<\/ul>\n\n\n\n<p class=\"has-text-align-center\">Avec la participation de Victor Bulle, F\u00e9licie Bulle, Thil Mierzejewski, A\u00ebla Cabel, Mah\u00e9 Rose Cabel,&nbsp;Bulle Dupont, Diane&nbsp;B\u00e9cheras, Marie Lafaille, Th\u00e9ophile Peris,&nbsp;Maxime Liz\u00e8re, Morgane Vedrenne,&nbsp;R\u00e9mi Marilleau, Anna Gianferrari, Clara Maugin, Clara Salomon, Bleu Saada &amp; J\u00e9r\u00e9my Piningre.<\/p>\n\n\n\n<p><\/p>\n","protected":false},"excerpt":{"rendered":"<p>\u00c0 l&rsquo;occasion des Journ\u00e9es de la Laine 2023, Adventices \u00d7 Le Laboratoire d&rsquo;arts textiles\u00a0ont pr\u00e9sent\u00e9s leurs premi\u00e8res recherches autour de la transformation de laines\u00a0Limousines et des teintures naturelles en Limousin&hellip; <a class=\"more-link\" href=\"https:\/\/laboartstextiles.org\/index.php\/exposition-adventices-x-laboratoire-darts-textiles-a-pang-la-gare-felletin\/\">Poursuivre la lecture <span class=\"screen-reader-text\">Exposition Adventices X Laboratoire d&rsquo;arts textiles<\/span><\/a><\/p>\n","protected":false},"author":1,"featured_media":0,"parent":0,"menu_order":0,"comment_status":"closed","ping_status":"closed","template":"","meta":{"_EventAllDay":false,"_EventTimezone":"","_EventStartDate":"","_EventEndDate":"","_EventStartDateUTC":"","_EventEndDateUTC":"","_EventShowMap":false,"_EventShowMapLink":false,"_EventURL":"","_EventCost":"","_EventCostDescription":"","_EventCurrencySymbol":"","_EventCurrencyCode":"","_EventCurrencyPosition":"","_EventDateTimeSeparator":"","_EventTimeRangeSeparator":"","_EventOrganizerID":[],"_EventVenueID":[],"_OrganizerEmail":"","_OrganizerPhone":"","_OrganizerWebsite":"","_VenueAddress":"","_VenueCity":"","_VenueCountry":"","_VenueProvince":"","_VenueState":"","_VenueZip":"","_VenuePhone":"","_VenueURL":"","_VenueStateProvince":"","_VenueLat":"","_VenueLng":"","_VenueShowMap":false,"_VenueShowMapLink":false,"footnotes":""},"class_list":["post-390","page","type-page","status-publish","hentry","entry"],"_links":{"self":[{"href":"https:\/\/laboartstextiles.org\/index.php\/wp-json\/wp\/v2\/pages\/390","targetHints":{"allow":["GET"]}}],"collection":[{"href":"https:\/\/laboartstextiles.org\/index.php\/wp-json\/wp\/v2\/pages"}],"about":[{"href":"https:\/\/laboartstextiles.org\/index.php\/wp-json\/wp\/v2\/types\/page"}],"author":[{"embeddable":true,"href":"https:\/\/laboartstextiles.org\/index.php\/wp-json\/wp\/v2\/users\/1"}],"replies":[{"embeddable":true,"href":"https:\/\/laboartstextiles.org\/index.php\/wp-json\/wp\/v2\/comments?post=390"}],"version-history":[{"count":2,"href":"https:\/\/laboartstextiles.org\/index.php\/wp-json\/wp\/v2\/pages\/390\/revisions"}],"predecessor-version":[{"id":393,"href":"https:\/\/laboartstextiles.org\/index.php\/wp-json\/wp\/v2\/pages\/390\/revisions\/393"}],"wp:attachment":[{"href":"https:\/\/laboartstextiles.org\/index.php\/wp-json\/wp\/v2\/media?parent=390"}],"curies":[{"name":"wp","href":"https:\/\/api.w.org\/{rel}","templated":true}]}}