{"id":54,"date":"2022-11-06T21:50:24","date_gmt":"2022-11-06T20:50:24","guid":{"rendered":"http:\/\/laboartstextiles.org\/?page_id=54"},"modified":"2023-10-01T17:39:06","modified_gmt":"2023-10-01T15:39:06","slug":"accueil","status":"publish","type":"page","link":"https:\/\/laboartstextiles.org\/index.php\/accueil\/","title":{"rendered":"accueil"},"content":{"rendered":"\n<script data-js='tribe-events-view-nonce-data' type='application\/json'>{\"tvn1\":\"334b8b0af6\",\"tvn2\":\"\"}<\/script>\n\n\n\n<p>Le Laboratoire d\u2019arts textile\u00a0animera un atelier au Monde allant vers (Eymoutiers, 87) pour vous accompagner dans la confection de culottes p\u00e9riodiques.<br>Couturi\u00e8res d\u00e9butantes bienvenues. Mat\u00e9riel fourni. Participation libre. Atelier sur inscription par mail ou en boutique.<\/p>\n\n\n\n<figure class=\"wp-block-image size-large\"><img loading=\"lazy\" decoding=\"async\" width=\"1024\" height=\"1024\" src=\"http:\/\/laboartstextiles.org\/wp-content\/uploads\/2023\/09\/CULOTTES_MAV-1024x1024.jpg\" alt=\"\" class=\"wp-image-171\" srcset=\"https:\/\/laboartstextiles.org\/wp-content\/uploads\/2023\/09\/CULOTTES_MAV-1024x1024.jpg 1024w, https:\/\/laboartstextiles.org\/wp-content\/uploads\/2023\/09\/CULOTTES_MAV-300x300.jpg 300w, https:\/\/laboartstextiles.org\/wp-content\/uploads\/2023\/09\/CULOTTES_MAV-150x150.jpg 150w, https:\/\/laboartstextiles.org\/wp-content\/uploads\/2023\/09\/CULOTTES_MAV-768x768.jpg 768w, https:\/\/laboartstextiles.org\/wp-content\/uploads\/2023\/09\/CULOTTES_MAV-1536x1536.jpg 1536w, https:\/\/laboartstextiles.org\/wp-content\/uploads\/2023\/09\/CULOTTES_MAV-2048x2048.jpg 2048w, https:\/\/laboartstextiles.org\/wp-content\/uploads\/2023\/09\/CULOTTES_MAV-1568x1568.jpg 1568w, https:\/\/laboartstextiles.org\/wp-content\/uploads\/2023\/09\/CULOTTES_MAV-1320x1320.jpg 1320w\" sizes=\"auto, (max-width: 1024px) 100vw, 1024px\" \/><\/figure>\n\n\n\n<figure class=\"wp-block-image size-large\"><img loading=\"lazy\" decoding=\"async\" width=\"724\" height=\"1024\" src=\"http:\/\/laboartstextiles.org\/wp-content\/uploads\/2023\/09\/GS-231007-1-724x1024.jpg\" alt=\"\" class=\"wp-image-176\" srcset=\"https:\/\/laboartstextiles.org\/wp-content\/uploads\/2023\/09\/GS-231007-1-724x1024.jpg 724w, https:\/\/laboartstextiles.org\/wp-content\/uploads\/2023\/09\/GS-231007-1-212x300.jpg 212w, https:\/\/laboartstextiles.org\/wp-content\/uploads\/2023\/09\/GS-231007-1-768x1087.jpg 768w, https:\/\/laboartstextiles.org\/wp-content\/uploads\/2023\/09\/GS-231007-1-1086x1536.jpg 1086w, https:\/\/laboartstextiles.org\/wp-content\/uploads\/2023\/09\/GS-231007-1-1448x2048.jpg 1448w, https:\/\/laboartstextiles.org\/wp-content\/uploads\/2023\/09\/GS-231007-1-1568x2218.jpg 1568w, https:\/\/laboartstextiles.org\/wp-content\/uploads\/2023\/09\/GS-231007-1-1320x1867.jpg 1320w, https:\/\/laboartstextiles.org\/wp-content\/uploads\/2023\/09\/GS-231007-1.jpg 1753w\" sizes=\"auto, (max-width: 724px) 100vw, 724px\" \/><\/figure>\n\n\n\n<figure class=\"wp-block-image size-large\"><img loading=\"lazy\" decoding=\"async\" width=\"724\" height=\"1024\" src=\"http:\/\/laboartstextiles.org\/wp-content\/uploads\/2023\/04\/affiche_atelier_planning_web-724x1024.png\" alt=\"\" class=\"wp-image-99\" srcset=\"https:\/\/laboartstextiles.org\/wp-content\/uploads\/2023\/04\/affiche_atelier_planning_web-724x1024.png 724w, https:\/\/laboartstextiles.org\/wp-content\/uploads\/2023\/04\/affiche_atelier_planning_web-212x300.png 212w, https:\/\/laboartstextiles.org\/wp-content\/uploads\/2023\/04\/affiche_atelier_planning_web-768x1086.png 768w, https:\/\/laboartstextiles.org\/wp-content\/uploads\/2023\/04\/affiche_atelier_planning_web.png 842w\" sizes=\"auto, (max-width: 724px) 100vw, 724px\" \/><\/figure>\n\n\n\n<figure class=\"wp-block-gallery has-nested-images columns-default is-cropped wp-block-gallery-1 is-layout-flex wp-block-gallery-is-layout-flex\">\n<figure class=\"wp-block-image size-large\"><img loading=\"lazy\" decoding=\"async\" width=\"721\" height=\"1024\" data-id=\"104\" src=\"http:\/\/laboartstextiles.org\/wp-content\/uploads\/2023\/04\/CIAP_LAT-721x1024.png\" alt=\"\" class=\"wp-image-104\" srcset=\"https:\/\/laboartstextiles.org\/wp-content\/uploads\/2023\/04\/CIAP_LAT-721x1024.png 721w, https:\/\/laboartstextiles.org\/wp-content\/uploads\/2023\/04\/CIAP_LAT-211x300.png 211w, https:\/\/laboartstextiles.org\/wp-content\/uploads\/2023\/04\/CIAP_LAT-768x1091.png 768w, https:\/\/laboartstextiles.org\/wp-content\/uploads\/2023\/04\/CIAP_LAT-1081x1536.png 1081w, https:\/\/laboartstextiles.org\/wp-content\/uploads\/2023\/04\/CIAP_LAT.png 1126w\" sizes=\"auto, (max-width: 721px) 100vw, 721px\" \/><\/figure>\n<\/figure>\n\n\n\n<figure class=\"wp-block-image size-full\"><img loading=\"lazy\" decoding=\"async\" width=\"724\" height=\"1024\" src=\"http:\/\/laboartstextiles.org\/wp-content\/uploads\/2023\/04\/Affiche-AG-724x1024-1.jpg\" alt=\"\" class=\"wp-image-107\" srcset=\"https:\/\/laboartstextiles.org\/wp-content\/uploads\/2023\/04\/Affiche-AG-724x1024-1.jpg 724w, https:\/\/laboartstextiles.org\/wp-content\/uploads\/2023\/04\/Affiche-AG-724x1024-1-212x300.jpg 212w\" sizes=\"auto, (max-width: 724px) 100vw, 724px\" \/><\/figure>\n","protected":false},"excerpt":{"rendered":"<p>Le Laboratoire d\u2019arts textile\u00a0animera un atelier au Monde allant vers (Eymoutiers, 87) pour vous accompagner dans la confection de culottes p\u00e9riodiques.Couturi\u00e8res d\u00e9butantes bienvenues. Mat\u00e9riel fourni. Participation libre. Atelier sur inscription&hellip; <a class=\"more-link\" href=\"https:\/\/laboartstextiles.org\/index.php\/accueil\/\">Poursuivre la lecture <span class=\"screen-reader-text\">accueil<\/span><\/a><\/p>\n","protected":false},"author":1,"featured_media":0,"parent":0,"menu_order":0,"comment_status":"closed","ping_status":"closed","template":"","meta":{"_EventAllDay":false,"_EventTimezone":"","_EventStartDate":"","_EventEndDate":"","_EventStartDateUTC":"","_EventEndDateUTC":"","_EventShowMap":false,"_EventShowMapLink":false,"_EventURL":"","_EventCost":"","_EventCostDescription":"","_EventCurrencySymbol":"","_EventCurrencyCode":"","_EventCurrencyPosition":"","_EventDateTimeSeparator":"","_EventTimeRangeSeparator":"","_EventOrganizerID":[],"_EventVenueID":[],"_OrganizerEmail":"","_OrganizerPhone":"","_OrganizerWebsite":"","_VenueAddress":"","_VenueCity":"","_VenueCountry":"","_VenueProvince":"","_VenueState":"","_VenueZip":"","_VenuePhone":"","_VenueURL":"","_VenueStateProvince":"","_VenueLat":"","_VenueLng":"","_VenueShowMap":false,"_VenueShowMapLink":false,"footnotes":""},"class_list":["post-54","page","type-page","status-publish","hentry","entry"],"_links":{"self":[{"href":"https:\/\/laboartstextiles.org\/index.php\/wp-json\/wp\/v2\/pages\/54","targetHints":{"allow":["GET"]}}],"collection":[{"href":"https:\/\/laboartstextiles.org\/index.php\/wp-json\/wp\/v2\/pages"}],"about":[{"href":"https:\/\/laboartstextiles.org\/index.php\/wp-json\/wp\/v2\/types\/page"}],"author":[{"embeddable":true,"href":"https:\/\/laboartstextiles.org\/index.php\/wp-json\/wp\/v2\/users\/1"}],"replies":[{"embeddable":true,"href":"https:\/\/laboartstextiles.org\/index.php\/wp-json\/wp\/v2\/comments?post=54"}],"version-history":[{"count":16,"href":"https:\/\/laboartstextiles.org\/index.php\/wp-json\/wp\/v2\/pages\/54\/revisions"}],"predecessor-version":[{"id":291,"href":"https:\/\/laboartstextiles.org\/index.php\/wp-json\/wp\/v2\/pages\/54\/revisions\/291"}],"wp:attachment":[{"href":"https:\/\/laboartstextiles.org\/index.php\/wp-json\/wp\/v2\/media?parent=54"}],"curies":[{"name":"wp","href":"https:\/\/api.w.org\/{rel}","templated":true}]}}